{"id":35,"date":"2017-12-24T15:54:31","date_gmt":"2017-12-24T17:54:31","guid":{"rendered":"https:\/\/alexandregratt.com.br\/site\/?page_id=35"},"modified":"2019-01-27T17:17:14","modified_gmt":"2019-01-27T19:17:14","slug":"contato","status":"publish","type":"page","link":"https:\/\/alexandregratt.com.br\/site\/contato\/","title":{"rendered":"CONTATO"},"content":{"rendered":"\t\t<div data-elementor-type=\"wp-post\" data-elementor-id=\"35\" class=\"elementor elementor-35 elementor-bc-flex-widget\">\n\t\t\t\t\t\t<div class=\"elementor-inner\">\n\t\t\t\t<div class=\"elementor-section-wrap\">\n\t\t\t\t\t\t\t\t\t<section class=\"elementor-section elementor-top-section elementor-element elementor-element-9e958f1 elementor-section-boxed elementor-section-height-default elementor-section-height-default\" data-id=\"9e958f1\" data-element_type=\"section\" data-settings=\"{&quot;background_background&quot;:&quot;classic&quot;}\">\n\t\t\t\t\t\t<div class=\"elementor-container elementor-column-gap-default\">\n\t\t\t\t\t\t\t<div class=\"elementor-row\">\n\t\t\t\t\t<div class=\"elementor-column elementor-col-33 elementor-top-column elementor-element elementor-element-c12b25f\" data-id=\"c12b25f\" data-element_type=\"column\">\n\t\t\t<div class=\"elementor-column-wrap elementor-element-populated\">\n\t\t\t\t\t\t\t<div class=\"elementor-widget-wrap\">\n\t\t\t\t\t\t<div class=\"elementor-element elementor-element-6298dc2 elementor-widget elementor-widget-spacer\" data-id=\"6298dc2\" data-element_type=\"widget\" data-widget_type=\"spacer.default\">\n\t\t\t\t<div class=\"elementor-widget-container\">\n\t\t\t\t\t<div class=\"elementor-spacer\">\n\t\t\t<div class=\"elementor-spacer-inner\"><\/div>\n\t\t<\/div>\n\t\t\t\t<\/div>\n\t\t\t\t<\/div>\n\t\t\t\t<div class=\"elementor-element elementor-element-1ce1465 elementor-widget elementor-widget-heading\" data-id=\"1ce1465\" data-element_type=\"widget\" data-widget_type=\"heading.default\">\n\t\t\t\t<div class=\"elementor-widget-container\">\n\t\t\t<h2 class=\"elementor-heading-title elementor-size-default\">Fale conosco<\/h2>\t\t<\/div>\n\t\t\t\t<\/div>\n\t\t\t\t<div class=\"elementor-element elementor-element-ee49847 elementor-widget elementor-widget-shortcode\" data-id=\"ee49847\" data-element_type=\"widget\" data-widget_type=\"shortcode.default\">\n\t\t\t\t<div class=\"elementor-widget-container\">\n\t\t\t\t\t<div class=\"elementor-shortcode\"><div role=\"form\" class=\"wpcf7\" id=\"wpcf7-f513-o1\" lang=\"pt-BR\" dir=\"ltr\">\n<div class=\"screen-reader-response\"><p role=\"status\" aria-live=\"polite\" aria-atomic=\"true\"><\/p> <ul><\/ul><\/div>\n<form action=\"\/site\/wp-json\/wp\/v2\/pages\/35#wpcf7-f513-o1\" method=\"post\" class=\"wpcf7-form init\" novalidate=\"novalidate\" data-status=\"init\">\n<div style=\"display: none;\">\n<input type=\"hidden\" name=\"_wpcf7\" value=\"513\" \/>\n<input type=\"hidden\" name=\"_wpcf7_version\" value=\"5.6.3\" \/>\n<input type=\"hidden\" name=\"_wpcf7_locale\" value=\"pt_BR\" \/>\n<input type=\"hidden\" name=\"_wpcf7_unit_tag\" value=\"wpcf7-f513-o1\" \/>\n<input type=\"hidden\" name=\"_wpcf7_container_post\" value=\"0\" \/>\n<input type=\"hidden\" name=\"_wpcf7_posted_data_hash\" value=\"\" \/>\n<input type=\"hidden\" name=\"_wpcf7_recaptcha_response\" value=\"\" \/>\n<\/div>\n<p>Para mais informa\u00e7\u00f5es e or\u00e7amentos, preencha o formul\u00e1rio abaixo, em breve retornaremos o contato.<\/p>\n<p><label> Seu nome*<br \/>\n    <span class=\"wpcf7-form-control-wrap\" data-name=\"your-name\"><input type=\"text\" name=\"your-name\" value=\"\" size=\"40\" class=\"wpcf7-form-control wpcf7-text wpcf7-validates-as-required\" aria-required=\"true\" aria-invalid=\"false\" \/><\/span> <\/label><\/p>\n<p><label> Seu e-mail*<br \/>\n    <span class=\"wpcf7-form-control-wrap\" data-name=\"your-email\"><input type=\"email\" name=\"your-email\" value=\"\" size=\"40\" class=\"wpcf7-form-control wpcf7-text wpcf7-email wpcf7-validates-as-email\" aria-invalid=\"false\" \/><\/span> <\/label><\/p>\n<p><label> Seu telefone ou whatsapp*<br \/>\n<span class=\"wpcf7-form-control-wrap\" data-name=\"tel-394\"><input type=\"tel\" name=\"tel-394\" value=\"\" size=\"40\" class=\"wpcf7-form-control wpcf7-text wpcf7-tel wpcf7-validates-as-required wpcf7-validates-as-tel\" aria-required=\"true\" aria-invalid=\"false\" \/><\/span> <\/label><\/p>\n<p><label> Assunto<br \/>\n    <span class=\"wpcf7-form-control-wrap\" data-name=\"your-subject\"><input type=\"text\" name=\"your-subject\" value=\"\" size=\"40\" class=\"wpcf7-form-control wpcf7-text\" aria-invalid=\"false\" \/><\/span> <\/label><\/p>\n<p><label> Sua mensagem<br \/>\n    <span class=\"wpcf7-form-control-wrap\" data-name=\"your-message\"><textarea name=\"your-message\" cols=\"40\" rows=\"10\" class=\"wpcf7-form-control wpcf7-textarea\" aria-invalid=\"false\"><\/textarea><\/span> <\/label><\/p>\n\n<p>&nbsp<br \/>\n<input type=\"submit\" value=\"Enviar\" class=\"wpcf7-form-control has-spinner wpcf7-submit\" \/><\/p>\n<div class=\"wpcf7-response-output\" aria-hidden=\"true\"><\/div><\/form><\/div><\/div>\n\t\t\t\t<\/div>\n\t\t\t\t<\/div>\n\t\t\t\t\t\t<\/div>\n\t\t\t\t\t<\/div>\n\t\t<\/div>\n\t\t\t\t<div class=\"elementor-column elementor-col-33 elementor-top-column elementor-element elementor-element-a7743b7\" data-id=\"a7743b7\" data-element_type=\"column\">\n\t\t\t<div class=\"elementor-column-wrap\">\n\t\t\t\t\t\t\t<div class=\"elementor-widget-wrap\">\n\t\t\t\t\t\t\t\t<\/div>\n\t\t\t\t\t<\/div>\n\t\t<\/div>\n\t\t\t\t<div class=\"elementor-column elementor-col-33 elementor-top-column elementor-element elementor-element-158ae3c\" data-id=\"158ae3c\" data-element_type=\"column\">\n\t\t\t<div class=\"elementor-column-wrap elementor-element-populated\">\n\t\t\t\t\t\t\t<div class=\"elementor-widget-wrap\">\n\t\t\t\t\t\t<div class=\"elementor-element elementor-element-943694d elementor-widget elementor-widget-spacer\" data-id=\"943694d\" data-element_type=\"widget\" data-widget_type=\"spacer.default\">\n\t\t\t\t<div class=\"elementor-widget-container\">\n\t\t\t\t\t<div class=\"elementor-spacer\">\n\t\t\t<div class=\"elementor-spacer-inner\"><\/div>\n\t\t<\/div>\n\t\t\t\t<\/div>\n\t\t\t\t<\/div>\n\t\t\t\t<div class=\"elementor-element elementor-element-9538a58 elementor-widget elementor-widget-text-editor\" data-id=\"9538a58\" data-element_type=\"widget\" data-widget_type=\"text-editor.default\">\n\t\t\t\t<div class=\"elementor-widget-container\">\n\t\t\t\t\t\t\t\t<div class=\"elementor-text-editor elementor-clearfix\">\n\t\t\t\t<h2 style=\"text-align: left;\"><span style=\"color: #ffffff;\"><b>Ser\u00e1 um prazer lhe atender!<\/b><\/span><\/h2><p><span style=\"color: #ffffff;\">Ligue-nos:\u00a0 (49) 9 9995-7262\u00a0\u00a0<a href=\"https:\/\/api.whatsapp.com\/send?phone=5549999957262&amp;text=Ol%C3%A1,%20Eng.%20Alexandre%20Gratt\" target=\"_blank\" rel=\"noopener\"><img loading=\"lazy\" decoding=\"async\" class=\"alignrigh wp-image-238 size-thumbnail\" src=\"http:\/\/alexandregratt.com.br\/site\/wp-content\/uploads\/2018\/02\/Whatsapp-logo-vetor-150x150.png\" alt=\"\" width=\"20\" height=\"50\" \/><\/a>\u00a0 \u00a0\u00a0<\/span><\/p><p><span style=\"color: #ffffff;\">Envie-nos um email: <\/span><a style=\"background-color: #002544; color: #ffffff;\" href=\"mailto:engenharia@alexandregratt.com.br\">engenharia@alexandregratt.com.br<\/a><\/p><h3><span style=\"color: #ffffff;\"><b>Hor\u00e1rio de atendimento:<\/b><\/span><\/h3><p><span style=\"color: #ffffff;\">Seg-Sex\u00a0 \u00a0 \u00a0 \u00a0 \u00a0 \u00a08:00 &#8211; 12:00 e 13:30 &#8211; 18:00*<\/span><br \/><span style=\"color: #ffffff;\"> S\u00e1bados\/Domingos\/Feriados\u00a0 \u00a0 \u00a0 Fechado*<\/span><\/p><p><span style=\"color: #ffffff;\">*Precisa de atendimento em hor\u00e1rio diferenciado? \u00c9 s\u00f3 agendar!<\/span><\/p>\t\t\t\t\t<\/div>\n\t\t\t\t\t\t<\/div>\n\t\t\t\t<\/div>\n\t\t\t\t<div class=\"elementor-element elementor-element-0249fda elementor-widget elementor-widget-text-editor\" data-id=\"0249fda\" data-element_type=\"widget\" data-widget_type=\"text-editor.default\">\n\t\t\t\t<div class=\"elementor-widget-container\">\n\t\t\t\t\t\t\t\t<div class=\"elementor-text-editor elementor-clearfix\">\n\t\t\t\t<h2 style=\"font-family: 'Open Sans', sans-serif; font-style: normal;\"><span style=\"color: #ffffff;\"><span style=\"font-weight: bold;\">Nosso endere\u00e7o:<\/span><\/span><\/h2><p><span style=\"color: #ffffff;\">Avenida Ant\u00f4nio Carlos Altenburger, 70 &#8211; 2\u00ba Pavimento &#8211; Centro &#8211;\u00a0<\/span><span style=\"color: #ffffff;\">CEP: 89650-000 &#8211; Treze T\u00edlias &#8211; SC<\/span><\/p>\t\t\t\t\t<\/div>\n\t\t\t\t\t\t<\/div>\n\t\t\t\t<\/div>\n\t\t\t\t<div class=\"elementor-element elementor-element-b9f4685 elementor-widget elementor-widget-google_maps\" data-id=\"b9f4685\" data-element_type=\"widget\" data-widget_type=\"google_maps.default\">\n\t\t\t\t<div class=\"elementor-widget-container\">\n\t\t\t\t\t<div class=\"elementor-custom-embed\">\n\t\t\t<iframe frameborder=\"0\" scrolling=\"no\" marginheight=\"0\" marginwidth=\"0\"\n\t\t\t\t\tsrc=\"https:\/\/maps.google.com\/maps?q=Alexandre%20Gratt&#038;t=m&#038;z=16&#038;output=embed&#038;iwloc=near\"\n\t\t\t\t\ttitle=\"Alexandre Gratt\"\n\t\t\t\t\taria-label=\"Alexandre Gratt\"\n\t\t\t><\/iframe>\n\t\t<\/div>\n\t\t\t\t<\/div>\n\t\t\t\t<\/div>\n\t\t\t\t<div class=\"elementor-element elementor-element-6dc4b74 elementor-widget elementor-widget-spacer\" data-id=\"6dc4b74\" data-element_type=\"widget\" data-widget_type=\"spacer.default\">\n\t\t\t\t<div class=\"elementor-widget-container\">\n\t\t\t\t\t<div class=\"elementor-spacer\">\n\t\t\t<div class=\"elementor-spacer-inner\"><\/div>\n\t\t<\/div>\n\t\t\t\t<\/div>\n\t\t\t\t<\/div>\n\t\t\t\t\t\t<\/div>\n\t\t\t\t\t<\/div>\n\t\t<\/div>\n\t\t\t\t\t\t\t\t<\/div>\n\t\t\t\t\t<\/div>\n\t\t<\/section>\n\t\t\t\t<section class=\"elementor-section elementor-top-section elementor-element elementor-element-fc63e1e elementor-section-boxed elementor-section-height-default elementor-section-height-default\" data-id=\"fc63e1e\" data-element_type=\"section\" data-settings=\"{&quot;background_background&quot;:&quot;classic&quot;,&quot;shape_divider_bottom&quot;:&quot;arrow&quot;}\">\n\t\t\t\t\t<div class=\"elementor-shape elementor-shape-bottom\" data-negative=\"false\">\n\t\t\t<svg xmlns=\"http:\/\/www.w3.org\/2000\/svg\" viewBox=\"0 0 700 10\" preserveAspectRatio=\"none\">\n\t<path class=\"elementor-shape-fill\" d=\"M350,10L340,0h20L350,10z\"\/>\n<\/svg>\t\t<\/div>\n\t\t\t\t\t<div class=\"elementor-container elementor-column-gap-default\">\n\t\t\t\t\t\t\t<div class=\"elementor-row\">\n\t\t\t\t\t<div class=\"elementor-column elementor-col-100 elementor-top-column elementor-element elementor-element-0b9fb69\" data-id=\"0b9fb69\" data-element_type=\"column\">\n\t\t\t<div class=\"elementor-column-wrap elementor-element-populated\">\n\t\t\t\t\t\t\t<div class=\"elementor-widget-wrap\">\n\t\t\t\t\t\t<div class=\"elementor-element elementor-element-dfbfec7 elementor-widget elementor-widget-spacer\" data-id=\"dfbfec7\" data-element_type=\"widget\" data-widget_type=\"spacer.default\">\n\t\t\t\t<div class=\"elementor-widget-container\">\n\t\t\t\t\t<div class=\"elementor-spacer\">\n\t\t\t<div class=\"elementor-spacer-inner\"><\/div>\n\t\t<\/div>\n\t\t\t\t<\/div>\n\t\t\t\t<\/div>\n\t\t\t\t\t\t<\/div>\n\t\t\t\t\t<\/div>\n\t\t<\/div>\n\t\t\t\t\t\t\t\t<\/div>\n\t\t\t\t\t<\/div>\n\t\t<\/section>\n\t\t\t\t\t\t\t\t\t<\/div>\n\t\t\t<\/div>\n\t\t\t\t\t<\/div>\n\t\t","protected":false},"excerpt":{"rendered":"<p>Fale conosco Ser\u00e1 um prazer lhe atender! Ligue-nos:\u00a0 (49) 9 9995-7262\u00a0\u00a0 Envie-nos um email: engenharia@alexandregratt.com.br Hor\u00e1rio de atendimento: Seg-Sex\u00a0 \u00a0 \u00a0 \u00a0 \u00a0 \u00a08:00 &#8211; 12:00 e 13:30 &#8211; 18:00* S\u00e1bados\/Domingos\/Feriados\u00a0 \u00a0 \u00a0 Fechado* *Precisa de atendimento em hor\u00e1rio diferenciado? \u00c9 s\u00f3 agendar! Nosso endere\u00e7o: Avenida Ant\u00f4nio Carlos Altenburger, 70 &#8211; 2\u00ba Pavimento &#8211; Centro &#8230; <a title=\"CONTATO\" class=\"read-more\" href=\"https:\/\/alexandregratt.com.br\/site\/contato\/\" aria-label=\"More on CONTATO\">Ler mais<\/a><\/p>\n","protected":false},"author":1,"featured_media":0,"parent":0,"menu_order":0,"comment_status":"closed","ping_status":"closed","template":"","meta":{"_monsterinsights_skip_tracking":false,"_monsterinsights_sitenote_active":false,"_monsterinsights_sitenote_note":"","_monsterinsights_sitenote_category":0,"footnotes":""},"class_list":["post-35","page","type-page","status-publish"],"yoast_head":"<!-- This site is optimized with the Yoast SEO plugin v19.7.1 - https:\/\/yoast.com\/wordpress\/plugins\/seo\/ -->\n<title>Contato | Alexandre Gratt Engenharia Civil - Projeto e Execu\u00e7\u00e3o de Obras<\/title>\n<meta name=\"description\" content=\"Focamos em solu\u00e7\u00f5es para obras como constru\u00e7\u00f5es de casas, edif\u00edcios residenciais, comerciais e de reuni\u00e3o de p\u00fablico, barra\u00e7\u00f5es industriais e outros. Entre em contato para maiores informa\u00e7\u00e3o!\" \/>\n<meta name=\"robots\" content=\"index, follow, max-snippet:-1, max-image-preview:large, max-video-preview:-1\" \/>\n<link rel=\"canonical\" href=\"https:\/\/alexandregratt.com.br\/site\/contato\/\" \/>\n<meta property=\"og:locale\" content=\"pt_BR\" \/>\n<meta property=\"og:type\" content=\"article\" \/>\n<meta property=\"og:title\" content=\"Contato | Alexandre Gratt Engenharia Civil - Projeto e Execu\u00e7\u00e3o de Obras\" \/>\n<meta property=\"og:description\" content=\"Focamos em solu\u00e7\u00f5es para obras como constru\u00e7\u00f5es de casas, edif\u00edcios residenciais, comerciais e de reuni\u00e3o de p\u00fablico, barra\u00e7\u00f5es industriais e outros. Entre em contato para maiores informa\u00e7\u00e3o!\" \/>\n<meta property=\"og:url\" content=\"https:\/\/alexandregratt.com.br\/site\/contato\/\" \/>\n<meta property=\"og:site_name\" content=\"Alexandre Gratt\" \/>\n<meta property=\"article:publisher\" content=\"https:\/\/www.facebook.com\/alexandregratt.engcivil\/\" \/>\n<meta property=\"article:modified_time\" content=\"2019-01-27T19:17:14+00:00\" \/>\n<meta property=\"og:image\" content=\"http:\/\/alexandregratt.com.br\/site\/wp-content\/uploads\/2018\/02\/Whatsapp-logo-vetor-150x150.png\" \/>\n<meta name=\"twitter:card\" content=\"summary_large_image\" \/>\n<script type=\"application\/ld+json\" class=\"yoast-schema-graph\">{\"@context\":\"https:\/\/schema.org\",\"@graph\":[{\"@type\":\"WebPage\",\"@id\":\"https:\/\/alexandregratt.com.br\/site\/contato\/\",\"url\":\"https:\/\/alexandregratt.com.br\/site\/contato\/\",\"name\":\"Contato | Alexandre Gratt Engenharia Civil - Projeto e Execu\u00e7\u00e3o de Obras\",\"isPartOf\":{\"@id\":\"https:\/\/alexandregratt.com.br\/site\/#website\"},\"datePublished\":\"2017-12-24T17:54:31+00:00\",\"dateModified\":\"2019-01-27T19:17:14+00:00\",\"description\":\"Focamos em solu\u00e7\u00f5es para obras como constru\u00e7\u00f5es de casas, edif\u00edcios residenciais, comerciais e de reuni\u00e3o de p\u00fablico, barra\u00e7\u00f5es industriais e outros. Entre em contato para maiores informa\u00e7\u00e3o!\",\"breadcrumb\":{\"@id\":\"https:\/\/alexandregratt.com.br\/site\/contato\/#breadcrumb\"},\"inLanguage\":\"pt-BR\",\"potentialAction\":[{\"@type\":\"ReadAction\",\"target\":[\"https:\/\/alexandregratt.com.br\/site\/contato\/\"]}]},{\"@type\":\"BreadcrumbList\",\"@id\":\"https:\/\/alexandregratt.com.br\/site\/contato\/#breadcrumb\",\"itemListElement\":[{\"@type\":\"ListItem\",\"position\":1,\"name\":\"In\u00edcio\",\"item\":\"https:\/\/alexandregratt.com.br\/site\/\"},{\"@type\":\"ListItem\",\"position\":2,\"name\":\"CONTATO\"}]},{\"@type\":\"WebSite\",\"@id\":\"https:\/\/alexandregratt.com.br\/site\/#website\",\"url\":\"https:\/\/alexandregratt.com.br\/site\/\",\"name\":\"Alexandre Gratt\",\"description\":\"Engenheiro Civil\",\"publisher\":{\"@id\":\"https:\/\/alexandregratt.com.br\/site\/#organization\"},\"potentialAction\":[{\"@type\":\"SearchAction\",\"target\":{\"@type\":\"EntryPoint\",\"urlTemplate\":\"https:\/\/alexandregratt.com.br\/site\/?s={search_term_string}\"},\"query-input\":\"required name=search_term_string\"}],\"inLanguage\":\"pt-BR\"},{\"@type\":\"Organization\",\"@id\":\"https:\/\/alexandregratt.com.br\/site\/#organization\",\"name\":\"Alexandre Gratt Engenharia Civil\",\"url\":\"https:\/\/alexandregratt.com.br\/site\/\",\"sameAs\":[\"https:\/\/www.instagram.com\/alexandregratt.engcivil\/\",\"https:\/\/www.linkedin.com\/in\/alexandregratt\/\",\"https:\/\/www.youtube.com\/channel\/UCnuwHKEUdYacvbRZRfguvHA\",\"https:\/\/www.facebook.com\/alexandregratt.engcivil\/\"],\"logo\":{\"@type\":\"ImageObject\",\"inLanguage\":\"pt-BR\",\"@id\":\"https:\/\/alexandregratt.com.br\/site\/#\/schema\/logo\/image\/\",\"url\":\"http:\/\/alexandregratt.com.br\/site\/wp-content\/uploads\/2018\/04\/logo-nova-ai-e1523213692483.png\",\"contentUrl\":\"http:\/\/alexandregratt.com.br\/site\/wp-content\/uploads\/2018\/04\/logo-nova-ai-e1523213692483.png\",\"width\":500,\"height\":392,\"caption\":\"Alexandre Gratt Engenharia Civil\"},\"image\":{\"@id\":\"https:\/\/alexandregratt.com.br\/site\/#\/schema\/logo\/image\/\"}}]}<\/script>\n<!-- \/ Yoast SEO plugin. -->","yoast_head_json":{"title":"Contato | Alexandre Gratt Engenharia Civil - Projeto e Execu\u00e7\u00e3o de Obras","description":"Focamos em solu\u00e7\u00f5es para obras como constru\u00e7\u00f5es de casas, edif\u00edcios residenciais, comerciais e de reuni\u00e3o de p\u00fablico, barra\u00e7\u00f5es industriais e outros. Entre em contato para maiores informa\u00e7\u00e3o!","robots":{"index":"index","follow":"follow","max-snippet":"max-snippet:-1","max-image-preview":"max-image-preview:large","max-video-preview":"max-video-preview:-1"},"canonical":"https:\/\/alexandregratt.com.br\/site\/contato\/","og_locale":"pt_BR","og_type":"article","og_title":"Contato | Alexandre Gratt Engenharia Civil - Projeto e Execu\u00e7\u00e3o de Obras","og_description":"Focamos em solu\u00e7\u00f5es para obras como constru\u00e7\u00f5es de casas, edif\u00edcios residenciais, comerciais e de reuni\u00e3o de p\u00fablico, barra\u00e7\u00f5es industriais e outros. Entre em contato para maiores informa\u00e7\u00e3o!","og_url":"https:\/\/alexandregratt.com.br\/site\/contato\/","og_site_name":"Alexandre Gratt","article_publisher":"https:\/\/www.facebook.com\/alexandregratt.engcivil\/","article_modified_time":"2019-01-27T19:17:14+00:00","og_image":[{"url":"http:\/\/alexandregratt.com.br\/site\/wp-content\/uploads\/2018\/02\/Whatsapp-logo-vetor-150x150.png"}],"twitter_card":"summary_large_image","schema":{"@context":"https:\/\/schema.org","@graph":[{"@type":"WebPage","@id":"https:\/\/alexandregratt.com.br\/site\/contato\/","url":"https:\/\/alexandregratt.com.br\/site\/contato\/","name":"Contato | Alexandre Gratt Engenharia Civil - Projeto e Execu\u00e7\u00e3o de Obras","isPartOf":{"@id":"https:\/\/alexandregratt.com.br\/site\/#website"},"datePublished":"2017-12-24T17:54:31+00:00","dateModified":"2019-01-27T19:17:14+00:00","description":"Focamos em solu\u00e7\u00f5es para obras como constru\u00e7\u00f5es de casas, edif\u00edcios residenciais, comerciais e de reuni\u00e3o de p\u00fablico, barra\u00e7\u00f5es industriais e outros. Entre em contato para maiores informa\u00e7\u00e3o!","breadcrumb":{"@id":"https:\/\/alexandregratt.com.br\/site\/contato\/#breadcrumb"},"inLanguage":"pt-BR","potentialAction":[{"@type":"ReadAction","target":["https:\/\/alexandregratt.com.br\/site\/contato\/"]}]},{"@type":"BreadcrumbList","@id":"https:\/\/alexandregratt.com.br\/site\/contato\/#breadcrumb","itemListElement":[{"@type":"ListItem","position":1,"name":"In\u00edcio","item":"https:\/\/alexandregratt.com.br\/site\/"},{"@type":"ListItem","position":2,"name":"CONTATO"}]},{"@type":"WebSite","@id":"https:\/\/alexandregratt.com.br\/site\/#website","url":"https:\/\/alexandregratt.com.br\/site\/","name":"Alexandre Gratt","description":"Engenheiro Civil","publisher":{"@id":"https:\/\/alexandregratt.com.br\/site\/#organization"},"potentialAction":[{"@type":"SearchAction","target":{"@type":"EntryPoint","urlTemplate":"https:\/\/alexandregratt.com.br\/site\/?s={search_term_string}"},"query-input":"required name=search_term_string"}],"inLanguage":"pt-BR"},{"@type":"Organization","@id":"https:\/\/alexandregratt.com.br\/site\/#organization","name":"Alexandre Gratt Engenharia Civil","url":"https:\/\/alexandregratt.com.br\/site\/","sameAs":["https:\/\/www.instagram.com\/alexandregratt.engcivil\/","https:\/\/www.linkedin.com\/in\/alexandregratt\/","https:\/\/www.youtube.com\/channel\/UCnuwHKEUdYacvbRZRfguvHA","https:\/\/www.facebook.com\/alexandregratt.engcivil\/"],"logo":{"@type":"ImageObject","inLanguage":"pt-BR","@id":"https:\/\/alexandregratt.com.br\/site\/#\/schema\/logo\/image\/","url":"http:\/\/alexandregratt.com.br\/site\/wp-content\/uploads\/2018\/04\/logo-nova-ai-e1523213692483.png","contentUrl":"http:\/\/alexandregratt.com.br\/site\/wp-content\/uploads\/2018\/04\/logo-nova-ai-e1523213692483.png","width":500,"height":392,"caption":"Alexandre Gratt Engenharia Civil"},"image":{"@id":"https:\/\/alexandregratt.com.br\/site\/#\/schema\/logo\/image\/"}}]}},"_links":{"self":[{"href":"https:\/\/alexandregratt.com.br\/site\/wp-json\/wp\/v2\/pages\/35","targetHints":{"allow":["GET"]}}],"collection":[{"href":"https:\/\/alexandregratt.com.br\/site\/wp-json\/wp\/v2\/pages"}],"about":[{"href":"https:\/\/alexandregratt.com.br\/site\/wp-json\/wp\/v2\/types\/page"}],"author":[{"embeddable":true,"href":"https:\/\/alexandregratt.com.br\/site\/wp-json\/wp\/v2\/users\/1"}],"replies":[{"embeddable":true,"href":"https:\/\/alexandregratt.com.br\/site\/wp-json\/wp\/v2\/comments?post=35"}],"version-history":[{"count":47,"href":"https:\/\/alexandregratt.com.br\/site\/wp-json\/wp\/v2\/pages\/35\/revisions"}],"predecessor-version":[{"id":1048,"href":"https:\/\/alexandregratt.com.br\/site\/wp-json\/wp\/v2\/pages\/35\/revisions\/1048"}],"wp:attachment":[{"href":"https:\/\/alexandregratt.com.br\/site\/wp-json\/wp\/v2\/media?parent=35"}],"curies":[{"name":"wp","href":"https:\/\/api.w.org\/{rel}","templated":true}]}}